{"id":2,"date":"2025-12-05T12:37:02","date_gmt":"2025-12-05T12:37:02","guid":{"rendered":"https:\/\/anutricaodaigreja.com\/blog\/?page_id=2"},"modified":"2025-12-20T16:30:16","modified_gmt":"2025-12-20T19:30:16","slug":"sample-page","status":"publish","type":"page","link":"https:\/\/anutricaodaigreja.com\/blog\/sample-page\/","title":{"rendered":"O Livro"},"content":{"rendered":"\n<p>P\u00e1gina de teste<\/p>\n","protected":false},"excerpt":{"rendered":"<p>P\u00e1gina de teste<\/p>\n","protected":false},"author":1,"featured_media":0,"parent":0,"menu_order":0,"comment_status":"closed","ping_status":"open","template":"","meta":{"footnotes":""},"class_list":["post-2","page","type-page","status-publish","hentry"],"yoast_head":"<!-- This site is optimized with the Yoast SEO plugin v26.5 - https:\/\/yoast.com\/wordpress\/plugins\/seo\/ -->\n<title>O Livro - A Nutri\u00e7\u00e3o da Igreja<\/title>\n<meta name=\"robots\" content=\"index, follow, max-snippet:-1, max-image-preview:large, max-video-preview:-1\" \/>\n<link rel=\"canonical\" href=\"https:\/\/anutricaodaigreja.com\/blog\/sample-page\/\" \/>\n<meta property=\"og:locale\" content=\"pt_BR\" \/>\n<meta property=\"og:type\" content=\"article\" \/>\n<meta property=\"og:title\" content=\"O Livro - A Nutri\u00e7\u00e3o da Igreja\" \/>\n<meta property=\"og:description\" content=\"P\u00e1gina de teste\" \/>\n<meta property=\"og:url\" content=\"https:\/\/anutricaodaigreja.com\/blog\/sample-page\/\" \/>\n<meta property=\"og:site_name\" content=\"A Nutri\u00e7\u00e3o da Igreja\" \/>\n<meta property=\"article:modified_time\" content=\"2025-12-20T19:30:16+00:00\" \/>\n<meta name=\"twitter:card\" content=\"summary_large_image\" \/>\n<meta name=\"twitter:label1\" content=\"Est. tempo de leitura\" \/>\n\t<meta name=\"twitter:data1\" content=\"1 minuto\" \/>\n<script type=\"application\/ld+json\" class=\"yoast-schema-graph\">{\"@context\":\"https:\/\/schema.org\",\"@graph\":[{\"@type\":\"WebPage\",\"@id\":\"https:\/\/anutricaodaigreja.com\/blog\/sample-page\/\",\"url\":\"https:\/\/anutricaodaigreja.com\/blog\/sample-page\/\",\"name\":\"O Livro - A Nutri\u00e7\u00e3o da Igreja\",\"isPartOf\":{\"@id\":\"https:\/\/anutricaodaigreja.com\/blog\/#website\"},\"datePublished\":\"2025-12-05T12:37:02+00:00\",\"dateModified\":\"2025-12-20T19:30:16+00:00\",\"breadcrumb\":{\"@id\":\"https:\/\/anutricaodaigreja.com\/blog\/sample-page\/#breadcrumb\"},\"inLanguage\":\"pt-BR\",\"potentialAction\":[{\"@type\":\"ReadAction\",\"target\":[\"https:\/\/anutricaodaigreja.com\/blog\/sample-page\/\"]}]},{\"@type\":\"BreadcrumbList\",\"@id\":\"https:\/\/anutricaodaigreja.com\/blog\/sample-page\/#breadcrumb\",\"itemListElement\":[{\"@type\":\"ListItem\",\"position\":1,\"name\":\"In\u00edcio\",\"item\":\"https:\/\/anutricaodaigreja.com\/blog\/\"},{\"@type\":\"ListItem\",\"position\":2,\"name\":\"O Livro\"}]},{\"@type\":\"WebSite\",\"@id\":\"https:\/\/anutricaodaigreja.com\/blog\/#website\",\"url\":\"https:\/\/anutricaodaigreja.com\/blog\/\",\"name\":\"A Nutri\u00e7\u00e3o da Igreja\",\"description\":\"Pr. Elivando Mesquita\",\"potentialAction\":[{\"@type\":\"SearchAction\",\"target\":{\"@type\":\"EntryPoint\",\"urlTemplate\":\"https:\/\/anutricaodaigreja.com\/blog\/?s={search_term_string}\"},\"query-input\":{\"@type\":\"PropertyValueSpecification\",\"valueRequired\":true,\"valueName\":\"search_term_string\"}}],\"inLanguage\":\"pt-BR\"}]}<\/script>\n<!-- \/ Yoast SEO plugin. -->","yoast_head_json":{"title":"O Livro - A Nutri\u00e7\u00e3o da Igreja","robots":{"index":"index","follow":"follow","max-snippet":"max-snippet:-1","max-image-preview":"max-image-preview:large","max-video-preview":"max-video-preview:-1"},"canonical":"https:\/\/anutricaodaigreja.com\/blog\/sample-page\/","og_locale":"pt_BR","og_type":"article","og_title":"O Livro - A Nutri\u00e7\u00e3o da Igreja","og_description":"P\u00e1gina de teste","og_url":"https:\/\/anutricaodaigreja.com\/blog\/sample-page\/","og_site_name":"A Nutri\u00e7\u00e3o da Igreja","article_modified_time":"2025-12-20T19:30:16+00:00","twitter_card":"summary_large_image","twitter_misc":{"Est. tempo de leitura":"1 minuto"},"schema":{"@context":"https:\/\/schema.org","@graph":[{"@type":"WebPage","@id":"https:\/\/anutricaodaigreja.com\/blog\/sample-page\/","url":"https:\/\/anutricaodaigreja.com\/blog\/sample-page\/","name":"O Livro - A Nutri\u00e7\u00e3o da Igreja","isPartOf":{"@id":"https:\/\/anutricaodaigreja.com\/blog\/#website"},"datePublished":"2025-12-05T12:37:02+00:00","dateModified":"2025-12-20T19:30:16+00:00","breadcrumb":{"@id":"https:\/\/anutricaodaigreja.com\/blog\/sample-page\/#breadcrumb"},"inLanguage":"pt-BR","potentialAction":[{"@type":"ReadAction","target":["https:\/\/anutricaodaigreja.com\/blog\/sample-page\/"]}]},{"@type":"BreadcrumbList","@id":"https:\/\/anutricaodaigreja.com\/blog\/sample-page\/#breadcrumb","itemListElement":[{"@type":"ListItem","position":1,"name":"In\u00edcio","item":"https:\/\/anutricaodaigreja.com\/blog\/"},{"@type":"ListItem","position":2,"name":"O Livro"}]},{"@type":"WebSite","@id":"https:\/\/anutricaodaigreja.com\/blog\/#website","url":"https:\/\/anutricaodaigreja.com\/blog\/","name":"A Nutri\u00e7\u00e3o da Igreja","description":"Pr. Elivando Mesquita","potentialAction":[{"@type":"SearchAction","target":{"@type":"EntryPoint","urlTemplate":"https:\/\/anutricaodaigreja.com\/blog\/?s={search_term_string}"},"query-input":{"@type":"PropertyValueSpecification","valueRequired":true,"valueName":"search_term_string"}}],"inLanguage":"pt-BR"}]}},"_links":{"self":[{"href":"https:\/\/anutricaodaigreja.com\/blog\/wp-json\/wp\/v2\/pages\/2","targetHints":{"allow":["GET"]}}],"collection":[{"href":"https:\/\/anutricaodaigreja.com\/blog\/wp-json\/wp\/v2\/pages"}],"about":[{"href":"https:\/\/anutricaodaigreja.com\/blog\/wp-json\/wp\/v2\/types\/page"}],"author":[{"embeddable":true,"href":"https:\/\/anutricaodaigreja.com\/blog\/wp-json\/wp\/v2\/users\/1"}],"replies":[{"embeddable":true,"href":"https:\/\/anutricaodaigreja.com\/blog\/wp-json\/wp\/v2\/comments?post=2"}],"version-history":[{"count":2,"href":"https:\/\/anutricaodaigreja.com\/blog\/wp-json\/wp\/v2\/pages\/2\/revisions"}],"predecessor-version":[{"id":120,"href":"https:\/\/anutricaodaigreja.com\/blog\/wp-json\/wp\/v2\/pages\/2\/revisions\/120"}],"wp:attachment":[{"href":"https:\/\/anutricaodaigreja.com\/blog\/wp-json\/wp\/v2\/media?parent=2"}],"curies":[{"name":"wp","href":"https:\/\/api.w.org\/{rel}","templated":true}]}}